{"id":95,"date":"2018-05-29T19:28:18","date_gmt":"2018-05-29T19:28:18","guid":{"rendered":"http:\/\/test.fg-patent.de\/?page_id=95"},"modified":"2023-03-04T09:37:08","modified_gmt":"2023-03-04T09:37:08","slug":"dr-steffen-andrae-2","status":"publish","type":"page","link":"https:\/\/fg-patent.de\/?page_id=95","title":{"rendered":"Dr. Steffen Andrae"},"content":{"rendered":"<h5><span lang=\"EN-US\"><img loading=\"lazy\" decoding=\"async\" class=\"size-medium wp-image-76 alignright\" src=\"https:\/\/fg-patent.de\/wp-content\/uploads\/2018\/05\/andrae_content_rechts-227x300.jpg\" alt=\"\" width=\"227\" height=\"300\" srcset=\"https:\/\/fg-patent.de\/wp-content\/uploads\/2018\/05\/andrae_content_rechts-227x300.jpg 227w, https:\/\/fg-patent.de\/wp-content\/uploads\/2018\/05\/andrae_content_rechts.jpg 347w\" sizes=\"auto, (max-width: 227px) 100vw, 227px\" \/><br \/>\nPATENTANWALT*<br \/>\nEUROPEAN PATENT ATTORNEY<br \/>\nEUROPEAN TRADEMARK AND DESIGN ATTORNEY<\/span><\/h5>\n<p><span lang=\"EN-US\">\u00a0<\/span><\/p>\n<p><strong>T\u00e4tigkeitsschwerpunkte<br \/>\n<\/strong>Patent- und Gebrauchsmusterverfahren, insbesondere auf dem Gebiet der Chemie und ihren modernen Randgebieten, einschlie\u00dflich der Polymertechnik, Materialwissenschaften, Lebensmittelchemie, Biotechnologie sowie Immunologie und Diagnostik<\/p>\n<p>Einspr\u00fcche, Nichtigkeitsverfahren, Betreuung von Verletzungsverfahren<\/p>\n<p>Deutsches und internationales Marken- und Kennzeichenrecht<\/p>\n<p>Beratung und Gutachten zur Validit\u00e4t und Verletzung von Schutzrechten, Patentportfolio-Management und Patentstrategie, Arbeitnehmererfinderrecht<\/p>\n<p><strong>Sprachen<\/strong><br \/>\nDeutsch, Englisch, Russisch<\/p>\n<p><strong>Ausbildung und berufliche T\u00e4tigkeit<br \/>\n<\/strong>1967-1972<br \/>\nStudium der Chemie an der Ludwig-Maximilians-Universit\u00e4t M\u00fcnchen Abschlu\u00df: Diplom-Chemiker<\/p>\n<p>1972-1975<br \/>\nPromotion auf dem Gebiet der metallkatalysierten Umlagerungen von Cyclopropenverbindungen in der Arbeitsgruppe von Robert Weiss an der Ludwig-Maximilians-Universit\u00e4t M\u00fcnchen<\/p>\n<p>1976<br \/>\nForschungst\u00e4tigkeit am Institut f\u00fcr elementorganische Verbindungen (INEOS) der Akademie der Wissenschaften der UdSSR in Moskau<\/p>\n<p>1977-1980<br \/>\nAusbildung zum Patentanwalt in einer traditionsreichen M\u00fcnchner Kanzlei und dem Deutschen Patentamt<\/p>\n<p>1981<br \/>\nGr\u00fcndungspartner der Patentanwaltskanzlei\u00a0Andrae Flach Haug<\/p>\n<p>2013<br \/>\nMitarbeiter der Kanzlei ANDRAE\u00a0| WESTENDORP<\/p>\n<p>2016-2022<br \/>\nMitarbeiter der Kanzlei Friese Goeden<\/p>\n<p>*<em>freier Mitarbeiter bis Dezember 2022<br \/>\n<\/em><\/p>\n","protected":false},"excerpt":{"rendered":"<p>PATENTANWALT* EUROPEAN PATENT ATTORNEY EUROPEAN TRADEMARK AND DESIGN ATTORNEY \u00a0 T\u00e4tigkeitsschwerpunkte Patent- und Gebrauchsmusterverfahren, insbesondere auf dem Gebiet der Chemie und ihren modernen Randgebieten, einschlie\u00dflich der Polymertechnik, Materialwissenschaften, Lebensmittelchemie, Biotechnologie sowie Immunologie und Diagnostik Einspr\u00fcche, Nichtigkeitsverfahren, Betreuung von Verletzungsverfahren Deutsches und internationales Marken- und Kennzeichenrecht Beratung und Gutachten zur Validit\u00e4t und Verletzung von Schutzrechten, Patentportfolio-Management &hellip; <\/p>\n<p class=\"link-more\"><a href=\"https:\/\/fg-patent.de\/?page_id=95\" class=\"more-link\"><span class=\"screen-reader-text\">\u201eDr. Steffen Andrae\u201c<\/span> weiterlesen<\/a><\/p>\n","protected":false},"author":1,"featured_media":0,"parent":11,"menu_order":0,"comment_status":"closed","ping_status":"closed","template":"","meta":{"footnotes":""},"class_list":["post-95","page","type-page","status-publish","hentry"],"_links":{"self":[{"href":"https:\/\/fg-patent.de\/index.php?rest_route=\/wp\/v2\/pages\/95","targetHints":{"allow":["GET"]}}],"collection":[{"href":"https:\/\/fg-patent.de\/index.php?rest_route=\/wp\/v2\/pages"}],"about":[{"href":"https:\/\/fg-patent.de\/index.php?rest_route=\/wp\/v2\/types\/page"}],"author":[{"embeddable":true,"href":"https:\/\/fg-patent.de\/index.php?rest_route=\/wp\/v2\/users\/1"}],"replies":[{"embeddable":true,"href":"https:\/\/fg-patent.de\/index.php?rest_route=%2Fwp%2Fv2%2Fcomments&post=95"}],"version-history":[{"count":6,"href":"https:\/\/fg-patent.de\/index.php?rest_route=\/wp\/v2\/pages\/95\/revisions"}],"predecessor-version":[{"id":366,"href":"https:\/\/fg-patent.de\/index.php?rest_route=\/wp\/v2\/pages\/95\/revisions\/366"}],"up":[{"embeddable":true,"href":"https:\/\/fg-patent.de\/index.php?rest_route=\/wp\/v2\/pages\/11"}],"wp:attachment":[{"href":"https:\/\/fg-patent.de\/index.php?rest_route=%2Fwp%2Fv2%2Fmedia&parent=95"}],"curies":[{"name":"wp","href":"https:\/\/api.w.org\/{rel}","templated":true}]}}