{"id":9,"date":"2018-05-29T15:44:34","date_gmt":"2018-05-29T15:44:34","guid":{"rendered":"http:\/\/test.fg-patent.de\/?page_id=9"},"modified":"2018-07-05T16:49:33","modified_gmt":"2018-07-05T16:49:33","slug":"taetigkeitsbereiche","status":"publish","type":"page","link":"https:\/\/fg-patent.de\/?page_id=9","title":{"rendered":"T\u00e4tigkeitsbereiche"},"content":{"rendered":"<p>Wir k\u00f6nnen Sie im gewerblichen Rechtsschutz umfassend beraten und vertreten. Weitere Details zu Patenten, Marken und Designs finden Sie auf der entsprechenden Unterseite, die Sie \u00fcber das Men\u00fc erreichen.<\/p>\n<p>Unsere Mandanten sind in vielen verschiedenen technischen Bereichen t\u00e4tig. Aus diesem Grund haben wir eine breite fachliche Expertise aufgebaut und die M\u00f6glichkeit, Sie in vielen technischen Bereichen zu unterst\u00fctzen. Wir k\u00f6nnen alle naturwissenschaftlichen bzw. technischen Fachrichtungen beraten und vertreten:<\/p>\n<ul>\n<li>Physik<\/li>\n<li>Elektrotechnik und IT<\/li>\n<li>Maschinenbau<\/li>\n<li>Chemie<\/li>\n<li>Pharmazie<\/li>\n<li>Biotechnologie<\/li>\n<\/ul>\n","protected":false},"excerpt":{"rendered":"<p>Wir k\u00f6nnen Sie im gewerblichen Rechtsschutz umfassend beraten und vertreten. Weitere Details zu Patenten, Marken und Designs finden Sie auf der entsprechenden Unterseite, die Sie \u00fcber das Men\u00fc erreichen. Unsere Mandanten sind in vielen verschiedenen technischen Bereichen t\u00e4tig. Aus diesem Grund haben wir eine breite fachliche Expertise aufgebaut und die M\u00f6glichkeit, Sie in vielen technischen &hellip; <\/p>\n<p class=\"link-more\"><a href=\"https:\/\/fg-patent.de\/?page_id=9\" class=\"more-link\"><span class=\"screen-reader-text\">\u201eT\u00e4tigkeitsbereiche\u201c<\/span> weiterlesen<\/a><\/p>\n","protected":false},"author":1,"featured_media":0,"parent":0,"menu_order":0,"comment_status":"closed","ping_status":"closed","template":"","meta":{"footnotes":""},"class_list":["post-9","page","type-page","status-publish","hentry"],"_links":{"self":[{"href":"https:\/\/fg-patent.de\/index.php?rest_route=\/wp\/v2\/pages\/9","targetHints":{"allow":["GET"]}}],"collection":[{"href":"https:\/\/fg-patent.de\/index.php?rest_route=\/wp\/v2\/pages"}],"about":[{"href":"https:\/\/fg-patent.de\/index.php?rest_route=\/wp\/v2\/types\/page"}],"author":[{"embeddable":true,"href":"https:\/\/fg-patent.de\/index.php?rest_route=\/wp\/v2\/users\/1"}],"replies":[{"embeddable":true,"href":"https:\/\/fg-patent.de\/index.php?rest_route=%2Fwp%2Fv2%2Fcomments&post=9"}],"version-history":[{"count":4,"href":"https:\/\/fg-patent.de\/index.php?rest_route=\/wp\/v2\/pages\/9\/revisions"}],"predecessor-version":[{"id":236,"href":"https:\/\/fg-patent.de\/index.php?rest_route=\/wp\/v2\/pages\/9\/revisions\/236"}],"wp:attachment":[{"href":"https:\/\/fg-patent.de\/index.php?rest_route=%2Fwp%2Fv2%2Fmedia&parent=9"}],"curies":[{"name":"wp","href":"https:\/\/api.w.org\/{rel}","templated":true}]}}