{"id":62,"date":"2018-05-29T18:31:13","date_gmt":"2018-05-29T18:31:13","guid":{"rendered":"http:\/\/test.fg-patent.de\/?page_id=62"},"modified":"2024-09-13T14:33:37","modified_gmt":"2024-09-13T14:33:37","slug":"dr-christian-goeden","status":"publish","type":"page","link":"https:\/\/fg-patent.de\/?page_id=62","title":{"rendered":"Dr. Christian Goeden"},"content":{"rendered":"<h5><span lang=\"EN-US\"><img loading=\"lazy\" decoding=\"async\" class=\"size-medium wp-image-74 alignright\" src=\"https:\/\/fg-patent.de\/wp-content\/uploads\/2018\/05\/goeden_content_rechts-227x300.jpg\" alt=\"\" width=\"227\" height=\"300\" srcset=\"https:\/\/fg-patent.de\/wp-content\/uploads\/2018\/05\/goeden_content_rechts-227x300.jpg 227w, https:\/\/fg-patent.de\/wp-content\/uploads\/2018\/05\/goeden_content_rechts.jpg 347w\" sizes=\"auto, (max-width: 227px) 100vw, 227px\" \/>PATENTANWALT<br \/>\nEUROPEAN PATENT ATTORNEY<br \/>\nEUROPEAN TRADEMARK AND DESIGN ATTORNEY<br \/>\nPartner<\/span><\/h5>\n<p>&nbsp;<\/p>\n<p><strong>T\u00e4tigkeitsschwerpunkte<br \/>\n<\/strong>Physik, Optik, Laserspektroskopie, Halbleiter, d\u00fcnne Schichten, allgemeine Mechanik, Medizintechnik, Steuern und Regeln, physikalische Chemie und Automotive<\/p>\n<p>Erteilungsverfahren, Einspruchsverfahren, Lizenzvertr\u00e4ge,\u00a0 Arbeitnehmererfinderrecht<\/p>\n<p>Verteidigung gegen Angriffe aus Schutzrechten und Angriffe auf Schutzrechte Dritter<\/p>\n<p>Erstellung von Gutachten<\/p>\n<p>Beratung, Vertretung und Mitwirkung bei nationalen und internationalen Auseinandersetzungen in Patent-, Marken- und Mustersachen<\/p>\n<p><strong>Sprachen<\/strong><br \/>\nDeutsch, Englisch<\/p>\n<p><strong>Ausbildung und berufliche T\u00e4tigkeit<br \/>\n<\/strong>1993-1997<br \/>\nStudium der Physik an der Technischen Universit\u00e4t M\u00fcnchen mit den Schwerpunkten Halbleiterphysik und nukleare Festk\u00f6rperphysik<\/p>\n<p>1997-2002<br \/>\nDissertation am Institut f\u00fcr Kern- und nukleare Festk\u00f6rperphysik der TU M\u00fcnchen<\/p>\n<p>2002-2007<br \/>\nT\u00e4tigkeit als Patentingenieur in der Patentabteilung einer Forschungseinrichtung mit Sitz in M\u00fcnchen<\/p>\n<p>Patentassessor und Zugelassener Vertreter beim Europ\u00e4ischen Patentamt seit 2006, Deutscher Patentanwalt und Zugelassener Vertreter beim Harmonisierungsamt f\u00fcr den Binnenmarkt seit 2008<\/p>\n<p>2007-2011<br \/>\nT\u00e4tigkeit als Patentanwalt in eigener Kanzlei; Zusammenarbeit mit den Kanzleien Wilhelm und Beck (2007-2009) und Andrae Flach Haug (2010-2011)<\/p>\n<p>2011<br \/>\nFusion mit der Kanzlei Andrae Flach Haug<\/p>\n<p>2013<br \/>\nPartner in der Kanzlei ANDRAE | WESTENDORP<\/p>\n<p>2016<br \/>\nGr\u00fcndungspartner der Kanzlei Friese Goeden<\/p>\n","protected":false},"excerpt":{"rendered":"<p>PATENTANWALT EUROPEAN PATENT ATTORNEY EUROPEAN TRADEMARK AND DESIGN ATTORNEY Partner &nbsp; T\u00e4tigkeitsschwerpunkte Physik, Optik, Laserspektroskopie, Halbleiter, d\u00fcnne Schichten, allgemeine Mechanik, Medizintechnik, Steuern und Regeln, physikalische Chemie und Automotive Erteilungsverfahren, Einspruchsverfahren, Lizenzvertr\u00e4ge,\u00a0 Arbeitnehmererfinderrecht Verteidigung gegen Angriffe aus Schutzrechten und Angriffe auf Schutzrechte Dritter Erstellung von Gutachten Beratung, Vertretung und Mitwirkung bei nationalen und internationalen Auseinandersetzungen in &hellip; <\/p>\n<p class=\"link-more\"><a href=\"https:\/\/fg-patent.de\/?page_id=62\" class=\"more-link\"><span class=\"screen-reader-text\">\u201eDr. Christian Goeden\u201c<\/span> weiterlesen<\/a><\/p>\n","protected":false},"author":1,"featured_media":0,"parent":11,"menu_order":0,"comment_status":"closed","ping_status":"closed","template":"","meta":{"footnotes":""},"class_list":["post-62","page","type-page","status-publish","hentry"],"_links":{"self":[{"href":"https:\/\/fg-patent.de\/index.php?rest_route=\/wp\/v2\/pages\/62","targetHints":{"allow":["GET"]}}],"collection":[{"href":"https:\/\/fg-patent.de\/index.php?rest_route=\/wp\/v2\/pages"}],"about":[{"href":"https:\/\/fg-patent.de\/index.php?rest_route=\/wp\/v2\/types\/page"}],"author":[{"embeddable":true,"href":"https:\/\/fg-patent.de\/index.php?rest_route=\/wp\/v2\/users\/1"}],"replies":[{"embeddable":true,"href":"https:\/\/fg-patent.de\/index.php?rest_route=%2Fwp%2Fv2%2Fcomments&post=62"}],"version-history":[{"count":6,"href":"https:\/\/fg-patent.de\/index.php?rest_route=\/wp\/v2\/pages\/62\/revisions"}],"predecessor-version":[{"id":405,"href":"https:\/\/fg-patent.de\/index.php?rest_route=\/wp\/v2\/pages\/62\/revisions\/405"}],"up":[{"embeddable":true,"href":"https:\/\/fg-patent.de\/index.php?rest_route=\/wp\/v2\/pages\/11"}],"wp:attachment":[{"href":"https:\/\/fg-patent.de\/index.php?rest_route=%2Fwp%2Fv2%2Fmedia&parent=62"}],"curies":[{"name":"wp","href":"https:\/\/api.w.org\/{rel}","templated":true}]}}