{"id":60,"date":"2018-05-29T18:30:55","date_gmt":"2018-05-29T18:30:55","guid":{"rendered":"http:\/\/test.fg-patent.de\/?page_id=60"},"modified":"2024-09-13T12:25:06","modified_gmt":"2024-09-13T12:25:06","slug":"dr-martin-friese","status":"publish","type":"page","link":"https:\/\/fg-patent.de\/?page_id=60","title":{"rendered":"Dr. Martin Friese, LL.M."},"content":{"rendered":"<h5 style=\"padding-top: 0px;\"><img loading=\"lazy\" decoding=\"async\" class=\"alignright wp-image-67 size-medium\" src=\"https:\/\/fg-patent.de\/wp-content\/uploads\/2018\/05\/friese_content_rechts-227x300.jpg\" alt=\"\" width=\"227\" height=\"300\" srcset=\"https:\/\/fg-patent.de\/wp-content\/uploads\/2018\/05\/friese_content_rechts-227x300.jpg 227w, https:\/\/fg-patent.de\/wp-content\/uploads\/2018\/05\/friese_content_rechts.jpg 347w\" sizes=\"auto, (max-width: 227px) 100vw, 227px\" \/>PATENTANWALT<br \/>\nEUROPEAN PATENT ATTORNEY<br \/>\nEUROPEAN TRADEMARK AND DESIGN ATTORNEY<br \/>\nPartner<\/h5>\n<p>&nbsp;<\/p>\n<p><strong>T\u00e4tigkeitsschwerpunkte<br \/>\n<\/strong>Patent- und Gebrauchsmusterverfahren, insbesondere in den Bereichen der Physik, des Maschinenbaus, der Lebensmittel-, Fahrzeug-, und Bautechnik, sowie der Nautik<\/p>\n<p>Einspr\u00fcche, Nichtigkeitsverfahren, Betreuung von Verletzungsverfahren<\/p>\n<p>Deutsches und internationales Marken- und Kennzeichenrecht<\/p>\n<p>Beratung und Gutachten zur Validit\u00e4t und Verletzung von Schutzrechten, Patentportfolio-Management und Patentstrategie, Arbeitnehmererfinderrecht<\/p>\n<p><strong>Sprachen<\/strong><br \/>\nDeutsch, Englisch<\/p>\n<p><strong>Ausbildung und berufliche T\u00e4tigkeit<br \/>\n<\/strong>1987-1991<br \/>\nStudium der allgemeinen Physik an der Christian Albrechts Universit\u00e4t in Kiel und der Technischen Universit\u00e4t M\u00fcnchen,\u00a0Abschlu\u00df: Diplom-Physiker<\/p>\n<p>1992-1995<br \/>\nPromotion an der Technischen Universit\u00e4t M\u00fcnchen im Rahmen eines Sonderforschungsbereichs auf dem Gebiet der bakteriellen Photosynthese<\/p>\n<p>1995-1997<br \/>\nPatentanwaltskandidat in einer traditionsreichen M\u00fcnchner Kanzlei sowie paralleles Studium &#8222;Recht f\u00fcr Patentanw\u00e4lte&#8220; an der FernUniversit\u00e4t in Hagen<\/p>\n<p>1997-1998<br \/>\nAusbildung beim Deutschen Patent- und Markenamt, beim Bundespatentgericht, der Patentstreitkammer des Landgerichts M\u00fcnchen I und einer britischen Kanzlei<\/p>\n<p>1999<br \/>\nPartner der Patentanwaltskanzlei\u00a0Andrae Flach Haug<\/p>\n<p>2006-2009<br \/>\nMasterstudium &#8222;Europ\u00e4ischer Gewerblicher Rechtschutz&#8220; an der FernUniversit\u00e4t in Hagen,\u00a0Abschlu\u00df: LL.M.<\/p>\n<p>2013<br \/>\nPartner in der Kanzlei ANDRAE | WESTENDORP<\/p>\n<p>2016<br \/>\nGr\u00fcndungspartner der Kanzlei Friese Goeden<\/p>\n","protected":false},"excerpt":{"rendered":"<p>PATENTANWALT EUROPEAN PATENT ATTORNEY EUROPEAN TRADEMARK AND DESIGN ATTORNEY Partner &nbsp; T\u00e4tigkeitsschwerpunkte Patent- und Gebrauchsmusterverfahren, insbesondere in den Bereichen der Physik, des Maschinenbaus, der Lebensmittel-, Fahrzeug-, und Bautechnik, sowie der Nautik Einspr\u00fcche, Nichtigkeitsverfahren, Betreuung von Verletzungsverfahren Deutsches und internationales Marken- und Kennzeichenrecht Beratung und Gutachten zur Validit\u00e4t und Verletzung von Schutzrechten, Patentportfolio-Management und Patentstrategie, Arbeitnehmererfinderrecht &hellip; <\/p>\n<p class=\"link-more\"><a href=\"https:\/\/fg-patent.de\/?page_id=60\" class=\"more-link\"><span class=\"screen-reader-text\">\u201eDr. Martin Friese, LL.M.\u201c<\/span> weiterlesen<\/a><\/p>\n","protected":false},"author":1,"featured_media":0,"parent":11,"menu_order":0,"comment_status":"closed","ping_status":"closed","template":"","meta":{"footnotes":""},"class_list":["post-60","page","type-page","status-publish","hentry"],"_links":{"self":[{"href":"https:\/\/fg-patent.de\/index.php?rest_route=\/wp\/v2\/pages\/60","targetHints":{"allow":["GET"]}}],"collection":[{"href":"https:\/\/fg-patent.de\/index.php?rest_route=\/wp\/v2\/pages"}],"about":[{"href":"https:\/\/fg-patent.de\/index.php?rest_route=\/wp\/v2\/types\/page"}],"author":[{"embeddable":true,"href":"https:\/\/fg-patent.de\/index.php?rest_route=\/wp\/v2\/users\/1"}],"replies":[{"embeddable":true,"href":"https:\/\/fg-patent.de\/index.php?rest_route=%2Fwp%2Fv2%2Fcomments&post=60"}],"version-history":[{"count":10,"href":"https:\/\/fg-patent.de\/index.php?rest_route=\/wp\/v2\/pages\/60\/revisions"}],"predecessor-version":[{"id":370,"href":"https:\/\/fg-patent.de\/index.php?rest_route=\/wp\/v2\/pages\/60\/revisions\/370"}],"up":[{"embeddable":true,"href":"https:\/\/fg-patent.de\/index.php?rest_route=\/wp\/v2\/pages\/11"}],"wp:attachment":[{"href":"https:\/\/fg-patent.de\/index.php?rest_route=%2Fwp%2Fv2%2Fmedia&parent=60"}],"curies":[{"name":"wp","href":"https:\/\/api.w.org\/{rel}","templated":true}]}}