{"id":124,"date":"2018-05-29T19:48:19","date_gmt":"2018-05-29T19:48:19","guid":{"rendered":"http:\/\/test.fg-patent.de\/?page_id=124"},"modified":"2018-07-05T17:00:21","modified_gmt":"2018-07-05T17:00:21","slug":"designs","status":"publish","type":"page","link":"https:\/\/fg-patent.de\/?page_id=124","title":{"rendered":"Designs"},"content":{"rendered":"<p><img loading=\"lazy\" decoding=\"async\" class=\"size-medium wp-image-202 alignright\" src=\"https:\/\/fg-patent.de\/wp-content\/uploads\/2018\/05\/DSC2317-klein-1-300x281.jpg\" alt=\"\" width=\"300\" height=\"281\" srcset=\"https:\/\/fg-patent.de\/wp-content\/uploads\/2018\/05\/DSC2317-klein-1-300x281.jpg 300w, https:\/\/fg-patent.de\/wp-content\/uploads\/2018\/05\/DSC2317-klein-1-768x719.jpg 768w, https:\/\/fg-patent.de\/wp-content\/uploads\/2018\/05\/DSC2317-klein-1-1024x958.jpg 1024w, https:\/\/fg-patent.de\/wp-content\/uploads\/2018\/05\/DSC2317-klein-1.jpg 1181w\" sizes=\"auto, (max-width: 300px) 100vw, 300px\" \/>Gutes Design Ihrer Produkte schafft Mehrwert und ruft Nachahmer auf den Plan. Eingetragene Designs sch\u00fctzen die Erscheinungsform von industriell oder handwerklich hergestellten Produkten. Auch Teile von Erzeugnissen k\u00f6nnen als eingetragenes Design gesch\u00fctzt werden. Wir k\u00f6nnen Ihnen in diesem Bereich die folgenden Leistungen anbieten:<\/p>\n<ul>\n<li>Ausarbeiten und Anmelden von deutschen, internationalen, ausl\u00e4ndischen und Gemeinschaftsdesigns mit Vertretung des Anmelders vor dem Deutschen Patent- und Markenamt, dem Bundespatentgericht, der WIPO, dem Harmonisierungsamt und weltweit \u00fcber unser Netzwerk.<\/li>\n<li>\u00dcberwachen und Einzahlen von Verl\u00e4ngerungsgeb\u00fchren<\/li>\n<li>Vertretung im L\u00f6schungsverfahren<\/li>\n<li>Designrecherchen<\/li>\n<li>F\u00fchren von Lizenzverhandlungen<\/li>\n<li>Ausarbeiten von Lizenzvertr\u00e4gen<\/li>\n<li>Gutachten zu Rechtsbest\u00e4ndigkeit und Freedom-to-operate<\/li>\n<li>Gutachten zu Schutzrechtsverletzungen und zur Rechtsbest\u00e4ndigkeit von Schutzrechten<\/li>\n<li>Durchsetzung Ihrer Schutzrechte<\/li>\n<\/ul>\n","protected":false},"excerpt":{"rendered":"<p>Gutes Design Ihrer Produkte schafft Mehrwert und ruft Nachahmer auf den Plan. Eingetragene Designs sch\u00fctzen die Erscheinungsform von industriell oder handwerklich hergestellten Produkten. Auch Teile von Erzeugnissen k\u00f6nnen als eingetragenes Design gesch\u00fctzt werden. Wir k\u00f6nnen Ihnen in diesem Bereich die folgenden Leistungen anbieten: Ausarbeiten und Anmelden von deutschen, internationalen, ausl\u00e4ndischen und Gemeinschaftsdesigns mit Vertretung des &hellip; <\/p>\n<p class=\"link-more\"><a href=\"https:\/\/fg-patent.de\/?page_id=124\" class=\"more-link\"><span class=\"screen-reader-text\">\u201eDesigns\u201c<\/span> weiterlesen<\/a><\/p>\n","protected":false},"author":1,"featured_media":0,"parent":9,"menu_order":0,"comment_status":"closed","ping_status":"closed","template":"","meta":{"footnotes":""},"class_list":["post-124","page","type-page","status-publish","hentry"],"_links":{"self":[{"href":"https:\/\/fg-patent.de\/index.php?rest_route=\/wp\/v2\/pages\/124","targetHints":{"allow":["GET"]}}],"collection":[{"href":"https:\/\/fg-patent.de\/index.php?rest_route=\/wp\/v2\/pages"}],"about":[{"href":"https:\/\/fg-patent.de\/index.php?rest_route=\/wp\/v2\/types\/page"}],"author":[{"embeddable":true,"href":"https:\/\/fg-patent.de\/index.php?rest_route=\/wp\/v2\/users\/1"}],"replies":[{"embeddable":true,"href":"https:\/\/fg-patent.de\/index.php?rest_route=%2Fwp%2Fv2%2Fcomments&post=124"}],"version-history":[{"count":5,"href":"https:\/\/fg-patent.de\/index.php?rest_route=\/wp\/v2\/pages\/124\/revisions"}],"predecessor-version":[{"id":252,"href":"https:\/\/fg-patent.de\/index.php?rest_route=\/wp\/v2\/pages\/124\/revisions\/252"}],"up":[{"embeddable":true,"href":"https:\/\/fg-patent.de\/index.php?rest_route=\/wp\/v2\/pages\/9"}],"wp:attachment":[{"href":"https:\/\/fg-patent.de\/index.php?rest_route=%2Fwp%2Fv2%2Fmedia&parent=124"}],"curies":[{"name":"wp","href":"https:\/\/api.w.org\/{rel}","templated":true}]}}