{"id":122,"date":"2018-05-29T19:47:56","date_gmt":"2018-05-29T19:47:56","guid":{"rendered":"http:\/\/test.fg-patent.de\/?page_id=122"},"modified":"2018-07-05T17:00:37","modified_gmt":"2018-07-05T17:00:37","slug":"marken","status":"publish","type":"page","link":"https:\/\/fg-patent.de\/?page_id=122","title":{"rendered":"Marken"},"content":{"rendered":"<p><img loading=\"lazy\" decoding=\"async\" class=\"size-medium wp-image-209 alignright\" src=\"https:\/\/fg-patent.de\/wp-content\/uploads\/2018\/05\/DSC2320-klein-1-300x105.jpg\" alt=\"\" width=\"300\" height=\"105\" srcset=\"https:\/\/fg-patent.de\/wp-content\/uploads\/2018\/05\/DSC2320-klein-1-300x105.jpg 300w, https:\/\/fg-patent.de\/wp-content\/uploads\/2018\/05\/DSC2320-klein-1-768x268.jpg 768w, https:\/\/fg-patent.de\/wp-content\/uploads\/2018\/05\/DSC2320-klein-1-1024x357.jpg 1024w, https:\/\/fg-patent.de\/wp-content\/uploads\/2018\/05\/DSC2320-klein-1.jpg 1127w\" sizes=\"auto, (max-width: 300px) 100vw, 300px\" \/>Marken sch\u00fctzen den Namen und die Kennzeichen von Unternehmen und deren Waren und Dienstleistungen. Es gibt reine Wortmarken, Bildmarken, kombinierte Wort-Bild-Marken, Slogans, Farbmarken, Positionsmarken, H\u00f6rmarken und weitere Herkunftshinweise, damit Sie am Markt wiedererkannt werden. Wir k\u00f6nnen Ihnen in diesem Bereich die folgenden Leistungen anbieten.<\/p>\n<ul>\n<li>Ausarbeiten und Anmelden von deutschen, internationalen, ausl\u00e4ndischen und Gemeinschaftsmarken mit Vertretung des Anmelders vor dem Deutschen Patent- und Markenamt, dem Bundespatentgericht, der WIPO, dem Harmonisierungsamt und weltweit \u00fcber unser Netzwerk.<\/li>\n<li>\u00dcberwachen und Einzahlen von Verl\u00e4ngerungsgeb\u00fchren<\/li>\n<li>Vertretung des Widerspruchsf\u00fchrers gegen deutsche, internationale und Gemeinschaftsmarken<\/li>\n<li>Vertretung im L\u00f6schungsverfahren vor dem Deutschen Patent- und Markenamt und dem Harmonisierungsamt<\/li>\n<li>\u00dcberwachung Ihres Markenportfolios auf kollidierende Zeichen Dritter<\/li>\n<li>Markenrecherchen<\/li>\n<li>F\u00fchren von Lizenzverhandlungen<\/li>\n<li>Ausarbeiten von Lizenzvertr\u00e4gen<\/li>\n<li>Gutachten zu Rechtsbest\u00e4ndigkeit und Freedom-to-operate<\/li>\n<li>Gutachten zu Schutzrechtsverletzungen und zur Rechtsbest\u00e4ndigkeit von Schutzrechten<\/li>\n<li>Durchsetzung Ihrer Schutzrechte<\/li>\n<\/ul>\n","protected":false},"excerpt":{"rendered":"<p>Marken sch\u00fctzen den Namen und die Kennzeichen von Unternehmen und deren Waren und Dienstleistungen. Es gibt reine Wortmarken, Bildmarken, kombinierte Wort-Bild-Marken, Slogans, Farbmarken, Positionsmarken, H\u00f6rmarken und weitere Herkunftshinweise, damit Sie am Markt wiedererkannt werden. Wir k\u00f6nnen Ihnen in diesem Bereich die folgenden Leistungen anbieten. Ausarbeiten und Anmelden von deutschen, internationalen, ausl\u00e4ndischen und Gemeinschaftsmarken mit Vertretung &hellip; <\/p>\n<p class=\"link-more\"><a href=\"https:\/\/fg-patent.de\/?page_id=122\" class=\"more-link\"><span class=\"screen-reader-text\">\u201eMarken\u201c<\/span> weiterlesen<\/a><\/p>\n","protected":false},"author":1,"featured_media":0,"parent":9,"menu_order":0,"comment_status":"closed","ping_status":"closed","template":"","meta":{"footnotes":""},"class_list":["post-122","page","type-page","status-publish","hentry"],"_links":{"self":[{"href":"https:\/\/fg-patent.de\/index.php?rest_route=\/wp\/v2\/pages\/122","targetHints":{"allow":["GET"]}}],"collection":[{"href":"https:\/\/fg-patent.de\/index.php?rest_route=\/wp\/v2\/pages"}],"about":[{"href":"https:\/\/fg-patent.de\/index.php?rest_route=\/wp\/v2\/types\/page"}],"author":[{"embeddable":true,"href":"https:\/\/fg-patent.de\/index.php?rest_route=\/wp\/v2\/users\/1"}],"replies":[{"embeddable":true,"href":"https:\/\/fg-patent.de\/index.php?rest_route=%2Fwp%2Fv2%2Fcomments&post=122"}],"version-history":[{"count":5,"href":"https:\/\/fg-patent.de\/index.php?rest_route=\/wp\/v2\/pages\/122\/revisions"}],"predecessor-version":[{"id":253,"href":"https:\/\/fg-patent.de\/index.php?rest_route=\/wp\/v2\/pages\/122\/revisions\/253"}],"up":[{"embeddable":true,"href":"https:\/\/fg-patent.de\/index.php?rest_route=\/wp\/v2\/pages\/9"}],"wp:attachment":[{"href":"https:\/\/fg-patent.de\/index.php?rest_route=%2Fwp%2Fv2%2Fmedia&parent=122"}],"curies":[{"name":"wp","href":"https:\/\/api.w.org\/{rel}","templated":true}]}}