{"id":116,"date":"2018-05-29T19:46:56","date_gmt":"2018-05-29T19:46:56","guid":{"rendered":"http:\/\/test.fg-patent.de\/?page_id=116"},"modified":"2018-07-05T17:00:51","modified_gmt":"2018-07-05T17:00:51","slug":"patente","status":"publish","type":"page","link":"https:\/\/fg-patent.de\/?page_id=116","title":{"rendered":"Patente"},"content":{"rendered":"<p><img loading=\"lazy\" decoding=\"async\" class=\"size-medium wp-image-136 alignright\" src=\"https:\/\/fg-patent.de\/wp-content\/uploads\/2018\/05\/Spitzer2-300x200.jpg\" alt=\"\" width=\"300\" height=\"200\" srcset=\"https:\/\/fg-patent.de\/wp-content\/uploads\/2018\/05\/Spitzer2-300x200.jpg 300w, https:\/\/fg-patent.de\/wp-content\/uploads\/2018\/05\/Spitzer2-768x512.jpg 768w, https:\/\/fg-patent.de\/wp-content\/uploads\/2018\/05\/Spitzer2-1024x683.jpg 1024w, https:\/\/fg-patent.de\/wp-content\/uploads\/2018\/05\/Spitzer2.jpg 2000w\" sizes=\"auto, (max-width: 300px) 100vw, 300px\" \/>Patente und Gebrauchsmuster sch\u00fctzen neue technische Gegenst\u00e4nde und Verfahren vor Nachahmung durch andere Marktteilnehmer und sichern Ihren Wettbewerbsvorteil. Wir k\u00f6nnen Ihnen in diesem Bereich die folgenden Leistungen anbieten.<\/p>\n<ul>\n<li>Ausarbeiten, Anmelden und Verteidigen von deutschen und europ\u00e4ischen Patenten, wenn gew\u00fcnscht mit voller Vertretung des Anmelders vor dem Deutschen Patent- und Markenamt, dem Europ\u00e4ischen Patentamt und dem Bundespatentgericht<\/li>\n<li>Erteilungsverfahren vor ausl\u00e4ndischen Patentbeh\u00f6rden in Zusammenarbeit mit unserem weltweiten Netzwerk qualifizierter Kollegen<\/li>\n<li>PCT-Anmeldungen mit Vertretung vor dem Deutschen Patent- und Markenamt, dem Europ\u00e4ischen Patentamt und der WIPO<\/li>\n<li>Ausarbeiten und Anmelden von deutschen und ausl\u00e4ndischen Gebrauchsmustern mit Vertretung des Anmelders vor dem Deutschen Patent- und Markenamt, der WIPO und weltweit \u00fcber unser Netzwerk qualifizierter Kollegen<\/li>\n<li>\u00dcberwachen und Einzahlen von Jahresgeb\u00fchren<\/li>\n<li>Arbeitnehmererfindungsrecht\n<ul>\n<li>Beraten von Unternehmen beim Aufbau gesetzeskonformer Systeme<\/li>\n<li>Berechnen von Erfinderverg\u00fctungen<\/li>\n<li>Vertreten von Arbeitnehmererfindern beim Durchsetzen ihrer Anspr\u00fcche<\/li>\n<\/ul>\n<\/li>\n<li>Patentrecherchen<\/li>\n<li>F\u00fchren von Lizenzverhandlungen<\/li>\n<li>Ausarbeiten von Lizenzvertr\u00e4gen<\/li>\n<li>Gutachten zu Rechtsbest\u00e4ndigkeit und Freedom-to-operate<\/li>\n<li>Gutachten zu Schutzrechtsverletzungen und zur Rechtsbest\u00e4ndigkeit von Schutzrechten<\/li>\n<li>Vertretung des Einsprechenden gegen deutsche und europ\u00e4ische Patente<\/li>\n<li>Vertretung des Nichtigkeitskl\u00e4gers vor dem Bundespatentgericht und dem Bundesgerichtshof<\/li>\n<li>Durchsetzung Ihrer Schutzrechte<\/li>\n<\/ul>\n","protected":false},"excerpt":{"rendered":"<p>Patente und Gebrauchsmuster sch\u00fctzen neue technische Gegenst\u00e4nde und Verfahren vor Nachahmung durch andere Marktteilnehmer und sichern Ihren Wettbewerbsvorteil. Wir k\u00f6nnen Ihnen in diesem Bereich die folgenden Leistungen anbieten. Ausarbeiten, Anmelden und Verteidigen von deutschen und europ\u00e4ischen Patenten, wenn gew\u00fcnscht mit voller Vertretung des Anmelders vor dem Deutschen Patent- und Markenamt, dem Europ\u00e4ischen Patentamt und dem &hellip; <\/p>\n<p class=\"link-more\"><a href=\"https:\/\/fg-patent.de\/?page_id=116\" class=\"more-link\"><span class=\"screen-reader-text\">\u201ePatente\u201c<\/span> weiterlesen<\/a><\/p>\n","protected":false},"author":1,"featured_media":0,"parent":9,"menu_order":0,"comment_status":"closed","ping_status":"closed","template":"","meta":{"footnotes":""},"class_list":["post-116","page","type-page","status-publish","hentry"],"_links":{"self":[{"href":"https:\/\/fg-patent.de\/index.php?rest_route=\/wp\/v2\/pages\/116","targetHints":{"allow":["GET"]}}],"collection":[{"href":"https:\/\/fg-patent.de\/index.php?rest_route=\/wp\/v2\/pages"}],"about":[{"href":"https:\/\/fg-patent.de\/index.php?rest_route=\/wp\/v2\/types\/page"}],"author":[{"embeddable":true,"href":"https:\/\/fg-patent.de\/index.php?rest_route=\/wp\/v2\/users\/1"}],"replies":[{"embeddable":true,"href":"https:\/\/fg-patent.de\/index.php?rest_route=%2Fwp%2Fv2%2Fcomments&post=116"}],"version-history":[{"count":5,"href":"https:\/\/fg-patent.de\/index.php?rest_route=\/wp\/v2\/pages\/116\/revisions"}],"predecessor-version":[{"id":254,"href":"https:\/\/fg-patent.de\/index.php?rest_route=\/wp\/v2\/pages\/116\/revisions\/254"}],"up":[{"embeddable":true,"href":"https:\/\/fg-patent.de\/index.php?rest_route=\/wp\/v2\/pages\/9"}],"wp:attachment":[{"href":"https:\/\/fg-patent.de\/index.php?rest_route=%2Fwp%2Fv2%2Fmedia&parent=116"}],"curies":[{"name":"wp","href":"https:\/\/api.w.org\/{rel}","templated":true}]}}